{"id":10,"date":"2022-06-28T11:01:52","date_gmt":"2022-06-28T09:01:52","guid":{"rendered":"http:\/\/www.dogsworldeducationcanine.fr\/?page_id=10"},"modified":"2024-03-07T18:40:24","modified_gmt":"2024-03-07T17:40:24","slug":"a-propos","status":"publish","type":"page","link":"http:\/\/www.dogsworldeducationcanine.fr\/","title":{"rendered":"A propos"},"content":{"rendered":"\n<p>               Ayant eu des chiens toute ma vie, certains avec des comportements g\u00eanants, je ne sais que trop bien ce que l&rsquo;on ressent en tant qu&rsquo;humain d&rsquo;attachement, \u00e0 quel point on peut se sentir seul(e) et d\u00e9sempar\u00e9(e).<\/p>\n\n\n\n<p>               C&rsquo;est pour cela que je vous propose mon aide pour vous accompagner dans l&rsquo;\u00e9ducation ou la r\u00e9\u00e9ducation de votre chiot\/chien afin que votre relation soit harmonieuse et \u00e9quilibr\u00e9e.<\/p>\n\n\n\n<p>               Avant d&rsquo;\u00eatre \u00e9ducatrice canin, je travaillais depuis 20 ans dans la grande distribution, jusqu&rsquo;au jour o\u00f9 j&rsquo;ai senti que ce n&rsquo;\u00e9tait plus pour moi, que je devais passer \u00e0 autre chose. Il \u00e9tait temps de revenir aux sources.<br>Ayant toujours \u00e9t\u00e9 passionn\u00e9e par les animaux et plus pr\u00e9cis\u00e9ment les chiens et les chevaux, ce projet* a \u00e9t\u00e9 une \u00e9vidence, surtout suite \u00e0 la lecture d&rsquo;un article concernant mon amie et cons\u0153ur Sophie Michel Education canine .<br><br>*Projet qui a pu \u00eatre r\u00e9alis\u00e9 gr\u00e2ce au CFPPA d&rsquo;Auxerre et surtout \u00e0 la formation dispens\u00e9e par Coach&amp;Dog \ud83d\ude4f.<\/p>\n\n\n\n<figure class=\"wp-block-gallery has-nested-images columns-default is-cropped wp-block-gallery-1 is-layout-flex wp-block-gallery-is-layout-flex\">\n<figure class=\"wp-block-image size-full\"><img loading=\"lazy\" decoding=\"async\" width=\"720\" height=\"720\" data-id=\"159\" src=\"https:\/\/www.dogsworldeducationcanine.fr\/wp-content\/uploads\/2024\/03\/Logo-site-web-redimensionnee-3.png\" alt=\"\" class=\"wp-image-159\" srcset=\"http:\/\/www.dogsworldeducationcanine.fr\/wp-content\/uploads\/2024\/03\/Logo-site-web-redimensionnee-3.png 720w, http:\/\/www.dogsworldeducationcanine.fr\/wp-content\/uploads\/2024\/03\/Logo-site-web-redimensionnee-3-300x300.png 300w, http:\/\/www.dogsworldeducationcanine.fr\/wp-content\/uploads\/2024\/03\/Logo-site-web-redimensionnee-3-150x150.png 150w\" sizes=\"auto, (max-width: 720px) 100vw, 720px\" \/><\/figure>\n<\/figure>\n","protected":false},"excerpt":{"rendered":"<p>Ayant eu des chiens toute ma vie, certains avec des comportements g\u00eanants, je ne sais que trop bien ce que l&rsquo;on ressent en tant qu&rsquo;humain\u2026<\/p>\n","protected":false},"author":1,"featured_media":39,"parent":0,"menu_order":0,"comment_status":"closed","ping_status":"closed","template":"","meta":{"footnotes":""},"class_list":["post-10","page","type-page","status-publish","has-post-thumbnail","hentry"],"_links":{"self":[{"href":"http:\/\/www.dogsworldeducationcanine.fr\/index.php?rest_route=\/wp\/v2\/pages\/10","targetHints":{"allow":["GET"]}}],"collection":[{"href":"http:\/\/www.dogsworldeducationcanine.fr\/index.php?rest_route=\/wp\/v2\/pages"}],"about":[{"href":"http:\/\/www.dogsworldeducationcanine.fr\/index.php?rest_route=\/wp\/v2\/types\/page"}],"author":[{"embeddable":true,"href":"http:\/\/www.dogsworldeducationcanine.fr\/index.php?rest_route=\/wp\/v2\/users\/1"}],"replies":[{"embeddable":true,"href":"http:\/\/www.dogsworldeducationcanine.fr\/index.php?rest_route=%2Fwp%2Fv2%2Fcomments&post=10"}],"version-history":[{"count":5,"href":"http:\/\/www.dogsworldeducationcanine.fr\/index.php?rest_route=\/wp\/v2\/pages\/10\/revisions"}],"predecessor-version":[{"id":160,"href":"http:\/\/www.dogsworldeducationcanine.fr\/index.php?rest_route=\/wp\/v2\/pages\/10\/revisions\/160"}],"wp:featuredmedia":[{"embeddable":true,"href":"http:\/\/www.dogsworldeducationcanine.fr\/index.php?rest_route=\/wp\/v2\/media\/39"}],"wp:attachment":[{"href":"http:\/\/www.dogsworldeducationcanine.fr\/index.php?rest_route=%2Fwp%2Fv2%2Fmedia&parent=10"}],"curies":[{"name":"wp","href":"https:\/\/api.w.org\/{rel}","templated":true}]}}