{"id":142,"date":"2023-09-29T10:38:01","date_gmt":"2023-09-29T08:38:01","guid":{"rendered":"https:\/\/www.dogsworldeducationcanine.fr\/?page_id=142"},"modified":"2026-04-19T16:42:44","modified_gmt":"2026-04-19T14:42:44","slug":"tarifs","status":"publish","type":"page","link":"http:\/\/www.dogsworldeducationcanine.fr\/?page_id=142","title":{"rendered":"Tarifs"},"content":{"rendered":"\n<p>Bilan comportemental : 75\u20ac   <\/p>\n\n\n\n<p>S\u00e9ance individuelle : 40\u20ac<\/p>\n\n\n\n<p>Balade \u00e9ducative : 30\u20ac l&rsquo;heure<\/p>\n\n\n\n<ul class=\"wp-block-list\">\n<li>Forfait 5 s\u00e9ances = 135\u20ac<\/li>\n\n\n\n<li>Forfait 10 s\u00e9ances = 255\u20ac<\/li>\n<\/ul>\n\n\n\n<p>Promenades :12\u20ac la demi-heure, 20\u20ac l&rsquo;heure<\/p>\n\n\n\n<ul class=\"wp-block-list\">\n<li>Forfait 30 min, 5 promenades = 55\u20ac<\/li>\n\n\n\n<li>Forfait 30 min, 10 promenades = 105\u20ac<\/li>\n<\/ul>\n\n\n\n<ul class=\"wp-block-list\">\n<li>Forfait 1h, 5 promenades = 90\u20ac<\/li>\n\n\n\n<li>Forfait 1h, 10 promenades = 170\u20ac<\/li>\n<\/ul>\n\n\n\n<p><\/p>\n\n\n\n<p class=\"has-text-align-center has-orange-color has-text-color has-link-color wp-elements-c2a7fc4d0479b6d9d346954296ed14a1\">                                                                     <strong><em>FRAIS KILOMETRIQUES : Applicables \u00e0 partir de 10kms de mon domicile (0.5cts le km)<\/em><\/strong><\/p>\n\n\n\n<p class=\"has-text-align-center has-orange-color has-text-color has-link-color wp-elements-d128e4d58dbbeaf91151dde163bceb2f\"><strong><em>Toute prestation effectu\u00e9e un dimanche ou un jour f\u00e9ri\u00e9 sera major\u00e9e de 50%<\/em><\/strong><\/p>\n\n\n\n<p><\/p>\n","protected":false},"excerpt":{"rendered":"<p>Bilan comportemental : 75\u20ac S\u00e9ance individuelle : 40\u20ac Balade \u00e9ducative : 30\u20ac l&rsquo;heure Promenades :12\u20ac la demi-heure, 20\u20ac l&rsquo;heure FRAIS KILOMETRIQUES : Applicables \u00e0 partir\u2026<\/p>\n","protected":false},"author":1,"featured_media":0,"parent":0,"menu_order":0,"comment_status":"closed","ping_status":"closed","template":"","meta":{"footnotes":""},"class_list":["post-142","page","type-page","status-publish","hentry","no-post-thumbnail"],"_links":{"self":[{"href":"http:\/\/www.dogsworldeducationcanine.fr\/index.php?rest_route=\/wp\/v2\/pages\/142","targetHints":{"allow":["GET"]}}],"collection":[{"href":"http:\/\/www.dogsworldeducationcanine.fr\/index.php?rest_route=\/wp\/v2\/pages"}],"about":[{"href":"http:\/\/www.dogsworldeducationcanine.fr\/index.php?rest_route=\/wp\/v2\/types\/page"}],"author":[{"embeddable":true,"href":"http:\/\/www.dogsworldeducationcanine.fr\/index.php?rest_route=\/wp\/v2\/users\/1"}],"replies":[{"embeddable":true,"href":"http:\/\/www.dogsworldeducationcanine.fr\/index.php?rest_route=%2Fwp%2Fv2%2Fcomments&post=142"}],"version-history":[{"count":18,"href":"http:\/\/www.dogsworldeducationcanine.fr\/index.php?rest_route=\/wp\/v2\/pages\/142\/revisions"}],"predecessor-version":[{"id":201,"href":"http:\/\/www.dogsworldeducationcanine.fr\/index.php?rest_route=\/wp\/v2\/pages\/142\/revisions\/201"}],"wp:attachment":[{"href":"http:\/\/www.dogsworldeducationcanine.fr\/index.php?rest_route=%2Fwp%2Fv2%2Fmedia&parent=142"}],"curies":[{"name":"wp","href":"https:\/\/api.w.org\/{rel}","templated":true}]}}